{"id":538,"date":"2024-05-14T13:51:13","date_gmt":"2024-05-14T13:51:13","guid":{"rendered":"https:\/\/milskills.eu\/?page_id=538"},"modified":"2024-05-14T13:53:03","modified_gmt":"2024-05-14T13:53:03","slug":"projekts-milskills","status":"publish","type":"page","link":"https:\/\/milskills.eu\/?page_id=538&lang=lv","title":{"rendered":"Projekts MILSKILLS"},"content":{"rendered":"\t\t<div data-elementor-type=\"wp-page\" data-elementor-id=\"538\" class=\"elementor elementor-538\" data-elementor-post-type=\"page\">\n\t\t\t\t\t\t<section class=\"elementor-section elementor-top-section elementor-element elementor-element-276a3abf elementor-section-height-min-height elementor-section-boxed elementor-section-height-default elementor-section-items-middle jltma-glass-effect-no\" data-id=\"276a3abf\" data-element_type=\"section\" data-e-type=\"section\" id=\"xs_timeline_lawyer\" data-settings=\"{&quot;background_background&quot;:&quot;classic&quot;}\">\n\t\t\t\t\t\t<div class=\"elementor-container elementor-column-gap-default\">\n\t\t\t\t\t<div class=\"elementor-column elementor-col-100 elementor-top-column elementor-element elementor-element-380fa3fd jltma-glass-effect-no\" data-id=\"380fa3fd\" data-element_type=\"column\" data-e-type=\"column\">\n\t\t\t<div class=\"elementor-widget-wrap elementor-element-populated\">\n\t\t\t\t\t\t<div class=\"elementor-element elementor-element-513424f jltma-glass-effect-no elementor-widget elementor-widget-elementskit-heading\" data-id=\"513424f\" data-element_type=\"widget\" data-e-type=\"widget\" data-widget_type=\"elementskit-heading.default\">\n\t\t\t\t<div class=\"elementor-widget-container\">\n\t\t\t\t\t<div class=\"ekit-wid-con\" ><div class=\"ekit-heading elementskit-section-title-wraper center   ekit_heading_tablet-   ekit_heading_mobile-\"><h2 class=\"ekit-heading--title elementskit-section-title \">Par MILSKILLS<\/h2><div class=\"ekit_heading_separetor_wraper ekit_heading_elementskit-border-divider ekit-dotted\"><div class=\"elementskit-border-divider ekit-dotted\"><\/div><\/div><\/div><\/div>\t\t\t\t<\/div>\n\t\t\t\t<\/div>\n\t\t\t\t\t<\/div>\n\t\t<\/div>\n\t\t\t\t\t<\/div>\n\t\t<\/section>\n\t\t\t\t<section class=\"elementor-section elementor-top-section elementor-element elementor-element-a001482 elementor-section-boxed elementor-section-height-default elementor-section-height-default jltma-glass-effect-no\" data-id=\"a001482\" data-element_type=\"section\" data-e-type=\"section\">\n\t\t\t\t\t\t<div class=\"elementor-container elementor-column-gap-default\">\n\t\t\t\t\t<div class=\"elementor-column elementor-col-100 elementor-top-column elementor-element elementor-element-8da29e6 jltma-glass-effect-no\" data-id=\"8da29e6\" data-element_type=\"column\" data-e-type=\"column\">\n\t\t\t<div class=\"elementor-widget-wrap elementor-element-populated\">\n\t\t\t\t\t\t<div class=\"elementor-element elementor-element-aa26f0c jltma-glass-effect-no elementor-widget elementor-widget-text-editor\" data-id=\"aa26f0c\" data-element_type=\"widget\" data-e-type=\"widget\" data-widget_type=\"text-editor.default\">\n\t\t\t\t<div class=\"elementor-widget-container\">\n\t\t\t\t\t\t\t\t\t<p>M\u016bsdienu strauji main\u012bgaj\u0101 digit\u0101laj\u0101 vid\u0113 mediju un inform\u0101cijas prat\u012bbas (MIL) prasmes ir b\u016btiskas. MIL ietver iesp\u0113ju piek\u013c\u016bt, analiz\u0113t, nov\u0113rt\u0113t un efekt\u012bvi izmantot inform\u0101ciju no da\u017e\u0101diem avotiem. Pateicoties milz\u012bgajam pieejam\u0101s inform\u0101cijas apjomam, ir k\u013cuvis arvien gr\u016bt\u0101k at\u0161\u0137irt uzticamus un neuzticamus avotus, \u012bpa\u0161i viltus zi\u0146as vai propagandu, jo \u012bpa\u0161i gados vec\u0101ku cilv\u0113ku vid\u016b. Covid-19 pand\u0113mija ir krasi main\u012bjusi ar\u012b izgl\u012bt\u012bbas ainavu, radot nepiecie\u0161am\u012bbu piel\u0101got m\u0101c\u012bbu metodes digit\u0101lo tehnolo\u0123iju iek\u013cau\u0161anai.\u00a0<\/p><p>Projekta MIL Skills m\u0113r\u0137is ir risin\u0101t \u0161\u012bs vajadz\u012bbas un probl\u0113mas, veicinot atbild\u012bgu un \u0113tisku iesaist\u012b\u0161anos digit\u0101lajos medijos, dodot iesp\u0113ju gados vec\u0101kiem cilv\u0113kiem un pieaugu\u0161o izgl\u012btot\u0101jiem kritiski analiz\u0113t inform\u0101ciju un \u012bstenot \u0113tisku pilsoniskumu digit\u0101l\u0101 vid\u0113.<\/p>\t\t\t\t\t\t\t\t<\/div>\n\t\t\t\t<\/div>\n\t\t\t\t<div class=\"elementor-element elementor-element-612b07a jltma-glass-effect-no elementor-widget elementor-widget-spacer\" data-id=\"612b07a\" data-element_type=\"widget\" data-e-type=\"widget\" data-widget_type=\"spacer.default\">\n\t\t\t\t<div class=\"elementor-widget-container\">\n\t\t\t\t\t\t\t<div class=\"elementor-spacer\">\n\t\t\t<div class=\"elementor-spacer-inner\"><\/div>\n\t\t<\/div>\n\t\t\t\t\t\t<\/div>\n\t\t\t\t<\/div>\n\t\t\t\t\t<\/div>\n\t\t<\/div>\n\t\t\t\t\t<\/div>\n\t\t<\/section>\n\t\t\t\t<section class=\"elementor-section elementor-top-section elementor-element elementor-element-440884f3 elementor-section-full_width elementor-hidden-phone elementor-section-height-default elementor-section-height-default jltma-glass-effect-no\" data-id=\"440884f3\" data-element_type=\"section\" data-e-type=\"section\" data-settings=\"{&quot;background_background&quot;:&quot;classic&quot;}\">\n\t\t\t\t\t\t\t<div class=\"elementor-background-overlay\"><\/div>\n\t\t\t\t\t\t\t<div class=\"elementor-container elementor-column-gap-no\">\n\t\t\t\t\t<div class=\"elementor-column elementor-col-100 elementor-top-column elementor-element elementor-element-7c21765c jltma-glass-effect-no\" data-id=\"7c21765c\" data-element_type=\"column\" data-e-type=\"column\" data-settings=\"{&quot;background_background&quot;:&quot;classic&quot;}\">\n\t\t\t<div class=\"elementor-widget-wrap elementor-element-populated\">\n\t\t\t\t\t\t<section class=\"elementor-section elementor-inner-section elementor-element elementor-element-317e1536 elementor-section-full_width elementor-section-height-default elementor-section-height-default jltma-glass-effect-no\" data-id=\"317e1536\" data-element_type=\"section\" data-e-type=\"section\">\n\t\t\t\t\t\t\t<div class=\"elementor-background-overlay\"><\/div>\n\t\t\t\t\t\t\t<div class=\"elementor-container elementor-column-gap-default\">\n\t\t\t\t\t<div class=\"elementor-column elementor-col-50 elementor-inner-column elementor-element elementor-element-1e34ea6e jltma-glass-effect-no\" data-id=\"1e34ea6e\" data-element_type=\"column\" data-e-type=\"column\">\n\t\t\t<div class=\"elementor-widget-wrap elementor-element-populated\">\n\t\t\t\t\t\t<div class=\"elementor-element elementor-element-29ade1bf elementor-widget__width-initial jltma-glass-effect-no elementor-widget elementor-widget-spacer\" data-id=\"29ade1bf\" data-element_type=\"widget\" data-e-type=\"widget\" data-widget_type=\"spacer.default\">\n\t\t\t\t<div class=\"elementor-widget-container\">\n\t\t\t\t\t\t\t<div class=\"elementor-spacer\">\n\t\t\t<div class=\"elementor-spacer-inner\"><\/div>\n\t\t<\/div>\n\t\t\t\t\t\t<\/div>\n\t\t\t\t<\/div>\n\t\t\t\t\t<\/div>\n\t\t<\/div>\n\t\t\t\t<div class=\"elementor-column elementor-col-50 elementor-inner-column elementor-element elementor-element-2ef1fcac jltma-glass-effect-no\" data-id=\"2ef1fcac\" data-element_type=\"column\" data-e-type=\"column\" data-settings=\"{&quot;background_background&quot;:&quot;classic&quot;}\">\n\t\t\t<div class=\"elementor-widget-wrap elementor-element-populated\">\n\t\t\t\t\t<div class=\"elementor-background-overlay\"><\/div>\n\t\t\t\t\t\t<div class=\"elementor-element elementor-element-d277e02 jltma-glass-effect-no elementor-widget elementor-widget-spacer\" data-id=\"d277e02\" data-element_type=\"widget\" data-e-type=\"widget\" data-widget_type=\"spacer.default\">\n\t\t\t\t<div class=\"elementor-widget-container\">\n\t\t\t\t\t\t\t<div class=\"elementor-spacer\">\n\t\t\t<div class=\"elementor-spacer-inner\"><\/div>\n\t\t<\/div>\n\t\t\t\t\t\t<\/div>\n\t\t\t\t<\/div>\n\t\t\t\t<div class=\"elementor-element elementor-element-71f554b jltma-glass-effect-no elementor-widget elementor-widget-elementskit-heading\" data-id=\"71f554b\" data-element_type=\"widget\" data-e-type=\"widget\" data-widget_type=\"elementskit-heading.default\">\n\t\t\t\t<div class=\"elementor-widget-container\">\n\t\t\t\t\t<div class=\"ekit-wid-con\" ><div class=\"ekit-heading elementskit-section-title-wraper center   ekit_heading_tablet-   ekit_heading_mobile-\"><h2 class=\"ekit-heading--title elementskit-section-title \">Ietekme<\/h2><div class=\"ekit_heading_separetor_wraper ekit_heading_elementskit-border-divider ekit-dotted\"><div class=\"elementskit-border-divider ekit-dotted\"><\/div><\/div><\/div><\/div>\t\t\t\t<\/div>\n\t\t\t\t<\/div>\n\t\t\t\t<div class=\"elementor-element elementor-element-6ae5760 jltma-glass-effect-no elementor-widget elementor-widget-text-editor\" data-id=\"6ae5760\" data-element_type=\"widget\" data-e-type=\"widget\" data-widget_type=\"text-editor.default\">\n\t\t\t\t<div class=\"elementor-widget-container\">\n\t\t\t\t\t\t\t\t\t<p>Senioriem \u0161\u012b iniciat\u012bva pied\u0101v\u0101 novatorisku veidu, k\u0101 uzlabot prasmes mediju un inform\u0101cijas vid\u0113, sniedzot vi\u0146iem papildus iesp\u0113jas digit\u0101laj\u0101 jom\u0101. Pieaugu\u0161o izgl\u012bt\u012bbas pasniedz\u0113ji un organiz\u0101cijas g\u016bst labumu no palielin\u0101tas sp\u0113jas att\u012bst\u012bt un nov\u0113rt\u0113t senioru zin\u0101\u0161anas un prasmes digit\u0101laj\u0101 ekonomik\u0101, t\u0101d\u0113j\u0101di paaugstinot pieaugu\u0161o izgl\u012bt\u012bbas iesp\u0113ju kvalit\u0101ti.\u00a0<\/p><p>Partneriest\u0101des ieg\u016bst piek\u013cuvi daudziem resursiem un r\u012bkiem, palielinot to darb\u012bbas efektivit\u0101ti un uzlabojot pakalpojumus, kas tiek pied\u0101v\u0101ti to m\u0113r\u0137a \u012bsteno\u0161anai. Re\u0123ion\u0101l\u0101 un valsts l\u012bmen\u012b projekts MIL Skills aizpilda kritisk\u0101s nepiln\u012bbas pla\u0161sazi\u0146as l\u012bdzek\u013cu inform\u0101cijas prasm\u0113s vis\u0101 Eirop\u0101.\u00a0<\/p><p>Projekts ir saska\u0146ots ar ES ap\u0146em\u0161anos atbalst\u012bt da\u017e\u0101das MIL iniciat\u012bvas, projektus un p\u0113t\u012bjumus, kuru m\u0113r\u0137is ir veicin\u0101t digit\u0101lo prat\u012bbu un stiprin\u0101t MIL prasmes da\u017e\u0101d\u0101s nozar\u0113s un grup\u0101s.<\/p>\t\t\t\t\t\t\t\t<\/div>\n\t\t\t\t<\/div>\n\t\t\t\t\t<\/div>\n\t\t<\/div>\n\t\t\t\t\t<\/div>\n\t\t<\/section>\n\t\t\t\t\t<\/div>\n\t\t<\/div>\n\t\t\t\t\t<\/div>\n\t\t<\/section>\n\t\t\t\t<section class=\"elementor-section elementor-top-section elementor-element elementor-element-ce8afe5 elementor-section-boxed elementor-section-height-default elementor-section-height-default jltma-glass-effect-no\" data-id=\"ce8afe5\" data-element_type=\"section\" data-e-type=\"section\">\n\t\t\t\t\t\t<div class=\"elementor-container elementor-column-gap-default\">\n\t\t\t\t\t<div class=\"elementor-column elementor-col-50 elementor-top-column elementor-element elementor-element-f414f00 jltma-glass-effect-no\" data-id=\"f414f00\" data-element_type=\"column\" data-e-type=\"column\">\n\t\t\t<div class=\"elementor-widget-wrap elementor-element-populated\">\n\t\t\t\t\t\t<div class=\"elementor-element elementor-element-0d70716 jltma-glass-effect-no elementor-widget elementor-widget-spacer\" data-id=\"0d70716\" data-element_type=\"widget\" data-e-type=\"widget\" data-widget_type=\"spacer.default\">\n\t\t\t\t<div class=\"elementor-widget-container\">\n\t\t\t\t\t\t\t<div class=\"elementor-spacer\">\n\t\t\t<div class=\"elementor-spacer-inner\"><\/div>\n\t\t<\/div>\n\t\t\t\t\t\t<\/div>\n\t\t\t\t<\/div>\n\t\t\t\t<div class=\"elementor-element elementor-element-d996fbc jltma-glass-effect-no elementor-widget elementor-widget-heading\" data-id=\"d996fbc\" data-element_type=\"widget\" data-e-type=\"widget\" data-widget_type=\"heading.default\">\n\t\t\t\t<div class=\"elementor-widget-container\">\n\t\t\t\t\t<h2 class=\"elementor-heading-title elementor-size-default\">\u00a9 2024 MILSKILLS. ALL RIGHTS RESERVED<\/h2>\t\t\t\t<\/div>\n\t\t\t\t<\/div>\n\t\t\t\t<div class=\"elementor-element elementor-element-1b9f286 jltma-glass-effect-no elementor-widget elementor-widget-heading\" data-id=\"1b9f286\" data-element_type=\"widget\" data-e-type=\"widget\" data-widget_type=\"heading.default\">\n\t\t\t\t<div class=\"elementor-widget-container\">\n\t\t\t\t\t<h2 class=\"elementor-heading-title elementor-size-default\"><a href=\"https:\/\/milskills.eu\/?page_id=121\">PRIVACY POLICY<\/a><\/h2>\t\t\t\t<\/div>\n\t\t\t\t<\/div>\n\t\t\t\t<div class=\"elementor-element elementor-element-c949201 e-grid-align-left elementor-shape-rounded elementor-grid-0 jltma-glass-effect-no elementor-widget elementor-widget-social-icons\" data-id=\"c949201\" data-element_type=\"widget\" data-e-type=\"widget\" data-widget_type=\"social-icons.default\">\n\t\t\t\t<div class=\"elementor-widget-container\">\n\t\t\t\t\t\t\t<div class=\"elementor-social-icons-wrapper elementor-grid\" role=\"list\">\n\t\t\t\t\t\t\t<span class=\"elementor-grid-item\" role=\"listitem\">\n\t\t\t\t\t<a class=\"elementor-icon elementor-social-icon elementor-social-icon-facebook elementor-repeater-item-2f8124e\" href=\"https:\/\/www.facebook.com\/milskillseu\/\" target=\"_blank\">\n\t\t\t\t\t\t<span class=\"elementor-screen-only\">Facebook<\/span>\n\t\t\t\t\t\t<svg aria-hidden=\"true\" class=\"e-font-icon-svg e-fab-facebook\" viewBox=\"0 0 512 512\" xmlns=\"http:\/\/www.w3.org\/2000\/svg\"><path d=\"M504 256C504 119 393 8 256 8S8 119 8 256c0 123.78 90.69 226.38 209.25 245V327.69h-63V256h63v-54.64c0-62.15 37-96.48 93.67-96.48 27.14 0 55.52 4.84 55.52 4.84v61h-31.28c-30.8 0-40.41 19.12-40.41 38.73V256h68.78l-11 71.69h-57.78V501C413.31 482.38 504 379.78 504 256z\"><\/path><\/svg>\t\t\t\t\t<\/a>\n\t\t\t\t<\/span>\n\t\t\t\t\t\t\t<span class=\"elementor-grid-item\" role=\"listitem\">\n\t\t\t\t\t<a class=\"elementor-icon elementor-social-icon elementor-social-icon-instagram elementor-repeater-item-97447f1\" href=\"https:\/\/www.instagram.com\/milskillseu\/\" target=\"_blank\">\n\t\t\t\t\t\t<span class=\"elementor-screen-only\">Instagram<\/span>\n\t\t\t\t\t\t<svg aria-hidden=\"true\" class=\"e-font-icon-svg e-fab-instagram\" viewBox=\"0 0 448 512\" xmlns=\"http:\/\/www.w3.org\/2000\/svg\"><path d=\"M224.1 141c-63.6 0-114.9 51.3-114.9 114.9s51.3 114.9 114.9 114.9S339 319.5 339 255.9 287.7 141 224.1 141zm0 189.6c-41.1 0-74.7-33.5-74.7-74.7s33.5-74.7 74.7-74.7 74.7 33.5 74.7 74.7-33.6 74.7-74.7 74.7zm146.4-194.3c0 14.9-12 26.8-26.8 26.8-14.9 0-26.8-12-26.8-26.8s12-26.8 26.8-26.8 26.8 12 26.8 26.8zm76.1 27.2c-1.7-35.9-9.9-67.7-36.2-93.9-26.2-26.2-58-34.4-93.9-36.2-37-2.1-147.9-2.1-184.9 0-35.8 1.7-67.6 9.9-93.9 36.1s-34.4 58-36.2 93.9c-2.1 37-2.1 147.9 0 184.9 1.7 35.9 9.9 67.7 36.2 93.9s58 34.4 93.9 36.2c37 2.1 147.9 2.1 184.9 0 35.9-1.7 67.7-9.9 93.9-36.2 26.2-26.2 34.4-58 36.2-93.9 2.1-37 2.1-147.8 0-184.8zM398.8 388c-7.8 19.6-22.9 34.7-42.6 42.6-29.5 11.7-99.5 9-132.1 9s-102.7 2.6-132.1-9c-19.6-7.8-34.7-22.9-42.6-42.6-11.7-29.5-9-99.5-9-132.1s-2.6-102.7 9-132.1c7.8-19.6 22.9-34.7 42.6-42.6 29.5-11.7 99.5-9 132.1-9s102.7-2.6 132.1 9c19.6 7.8 34.7 22.9 42.6 42.6 11.7 29.5 9 99.5 9 132.1s2.7 102.7-9 132.1z\"><\/path><\/svg>\t\t\t\t\t<\/a>\n\t\t\t\t<\/span>\n\t\t\t\t\t\t\t<span class=\"elementor-grid-item\" role=\"listitem\">\n\t\t\t\t\t<a class=\"elementor-icon elementor-social-icon elementor-social-icon-twitter elementor-repeater-item-388a021\" href=\"https:\/\/twitter.com\/milskillseu\" target=\"_blank\">\n\t\t\t\t\t\t<span class=\"elementor-screen-only\">Twitter<\/span>\n\t\t\t\t\t\t<svg aria-hidden=\"true\" class=\"e-font-icon-svg e-fab-twitter\" viewBox=\"0 0 512 512\" xmlns=\"http:\/\/www.w3.org\/2000\/svg\"><path d=\"M459.37 151.716c.325 4.548.325 9.097.325 13.645 0 138.72-105.583 298.558-298.558 298.558-59.452 0-114.68-17.219-161.137-47.106 8.447.974 16.568 1.299 25.34 1.299 49.055 0 94.213-16.568 130.274-44.832-46.132-.975-84.792-31.188-98.112-72.772 6.498.974 12.995 1.624 19.818 1.624 9.421 0 18.843-1.3 27.614-3.573-48.081-9.747-84.143-51.98-84.143-102.985v-1.299c13.969 7.797 30.214 12.67 47.431 13.319-28.264-18.843-46.781-51.005-46.781-87.391 0-19.492 5.197-37.36 14.294-52.954 51.655 63.675 129.3 105.258 216.365 109.807-1.624-7.797-2.599-15.918-2.599-24.04 0-57.828 46.782-104.934 104.934-104.934 30.213 0 57.502 12.67 76.67 33.137 23.715-4.548 46.456-13.32 66.599-25.34-7.798 24.366-24.366 44.833-46.132 57.827 21.117-2.273 41.584-8.122 60.426-16.243-14.292 20.791-32.161 39.308-52.628 54.253z\"><\/path><\/svg>\t\t\t\t\t<\/a>\n\t\t\t\t<\/span>\n\t\t\t\t\t<\/div>\n\t\t\t\t\t\t<\/div>\n\t\t\t\t<\/div>\n\t\t\t\t<div class=\"elementor-element elementor-element-cc7d6a3 jltma-glass-effect-no elementor-widget elementor-widget-heading\" data-id=\"cc7d6a3\" data-element_type=\"widget\" data-e-type=\"widget\" data-widget_type=\"heading.default\">\n\t\t\t\t<div class=\"elementor-widget-container\">\n\t\t\t\t\t<h2 class=\"elementor-heading-title elementor-size-default\">DESIGN &amp; DEVELOPED \ud83d\udd10 BY INNOVATION HIVE<\/h2>\t\t\t\t<\/div>\n\t\t\t\t<\/div>\n\t\t\t\t\t<\/div>\n\t\t<\/div>\n\t\t\t\t<div class=\"elementor-column elementor-col-50 elementor-top-column elementor-element elementor-element-6a1fdcd jltma-glass-effect-no\" data-id=\"6a1fdcd\" data-element_type=\"column\" data-e-type=\"column\">\n\t\t\t<div class=\"elementor-widget-wrap elementor-element-populated\">\n\t\t\t\t\t\t<div class=\"elementor-element elementor-element-cde6363 jltma-glass-effect-no elementor-widget elementor-widget-spacer\" data-id=\"cde6363\" data-element_type=\"widget\" data-e-type=\"widget\" data-widget_type=\"spacer.default\">\n\t\t\t\t<div class=\"elementor-widget-container\">\n\t\t\t\t\t\t\t<div class=\"elementor-spacer\">\n\t\t\t<div class=\"elementor-spacer-inner\"><\/div>\n\t\t<\/div>\n\t\t\t\t\t\t<\/div>\n\t\t\t\t<\/div>\n\t\t\t\t<div class=\"elementor-element elementor-element-3062732 jltma-glass-effect-no elementor-widget elementor-widget-text-editor\" data-id=\"3062732\" data-element_type=\"widget\" data-e-type=\"widget\" data-widget_type=\"text-editor.default\">\n\t\t\t\t<div class=\"elementor-widget-container\">\n\t\t\t\t\t\t\t\t\t<p>Finans\u0113 Eiropas Savien\u012bba. Tom\u0113r paustie viedok\u013ci un uzskati ir tikai un vien\u012bgi autora(-u) viedok\u013ci, un tie ne vienm\u0113r atspogu\u013co Eiropas Savien\u012bbas vai Eiropas Izgl\u012bt\u012bbas un kult\u016bras izpilda\u0123ent\u016bras (EACEA) viedokli. Ne Eiropas Savien\u012bba, ne EACEA par tiem neuz\u0146emas atbild\u012bbu. 2023-1-LV01-KA220-ADU-000156693<\/p>\t\t\t\t\t\t\t\t<\/div>\n\t\t\t\t<\/div>\n\t\t\t\t<div class=\"elementor-element elementor-element-45227e3 jltma-glass-effect-no elementor-widget elementor-widget-image\" data-id=\"45227e3\" data-element_type=\"widget\" data-e-type=\"widget\" data-widget_type=\"image.default\">\n\t\t\t\t<div class=\"elementor-widget-container\">\n\t\t\t\t\t\t\t\t\t\t\t\t\t\t\t<img decoding=\"async\" width=\"300\" height=\"63\" src=\"https:\/\/milskills.eu\/wp-content\/uploads\/2024\/03\/EN_Co-funded_by_the_EU-transparent-300x63.png\" class=\"attachment-medium size-medium wp-image-117\" alt=\"\" srcset=\"https:\/\/milskills.eu\/wp-content\/uploads\/2024\/03\/EN_Co-funded_by_the_EU-transparent-300x63.png 300w, https:\/\/milskills.eu\/wp-content\/uploads\/2024\/03\/EN_Co-funded_by_the_EU-transparent-768x161.png 768w, https:\/\/milskills.eu\/wp-content\/uploads\/2024\/03\/EN_Co-funded_by_the_EU-transparent.png 1024w\" sizes=\"(max-width: 300px) 100vw, 300px\" \/>\t\t\t\t\t\t\t\t\t\t\t\t\t\t\t<\/div>\n\t\t\t\t<\/div>\n\t\t\t\t\t<\/div>\n\t\t<\/div>\n\t\t\t\t\t<\/div>\n\t\t<\/section>\n\t\t\t\t<\/div>\n\t\t","protected":false},"excerpt":{"rendered":"<p>Par MILSKILLS M\u016bsdienu strauji main\u012bgaj\u0101 digit\u0101laj\u0101 vid\u0113 mediju un inform\u0101cijas prat\u012bbas (MIL) prasmes ir b\u016btiskas. MIL ietver iesp\u0113ju piek\u013c\u016bt, analiz\u0113t, nov\u0113rt\u0113t un efekt\u012bvi izmantot inform\u0101ciju no da\u017e\u0101diem avotiem. Pateicoties milz\u012bgajam pieejam\u0101s inform\u0101cijas apjomam, ir k\u013cuvis arvien gr\u016bt\u0101k at\u0161\u0137irt uzticamus un neuzticamus avotus, \u012bpa\u0161i viltus zi\u0146as vai propagandu, jo \u012bpa\u0161i gados vec\u0101ku cilv\u0113ku vid\u016b. Covid-19 pand\u0113mija&#8230;<\/p>\n","protected":false},"author":1,"featured_media":0,"parent":0,"menu_order":0,"comment_status":"closed","ping_status":"closed","template":"elementor_header_footer","meta":{"footnotes":""},"class_list":["post-538","page","type-page","status-publish","hentry"],"_links":{"self":[{"href":"https:\/\/milskills.eu\/index.php?rest_route=\/wp\/v2\/pages\/538","targetHints":{"allow":["GET"]}}],"collection":[{"href":"https:\/\/milskills.eu\/index.php?rest_route=\/wp\/v2\/pages"}],"about":[{"href":"https:\/\/milskills.eu\/index.php?rest_route=\/wp\/v2\/types\/page"}],"author":[{"embeddable":true,"href":"https:\/\/milskills.eu\/index.php?rest_route=\/wp\/v2\/users\/1"}],"replies":[{"embeddable":true,"href":"https:\/\/milskills.eu\/index.php?rest_route=%2Fwp%2Fv2%2Fcomments&post=538"}],"version-history":[{"count":4,"href":"https:\/\/milskills.eu\/index.php?rest_route=\/wp\/v2\/pages\/538\/revisions"}],"predecessor-version":[{"id":543,"href":"https:\/\/milskills.eu\/index.php?rest_route=\/wp\/v2\/pages\/538\/revisions\/543"}],"wp:attachment":[{"href":"https:\/\/milskills.eu\/index.php?rest_route=%2Fwp%2Fv2%2Fmedia&parent=538"}],"curies":[{"name":"wp","href":"https:\/\/api.w.org\/{rel}","templated":true}]}}